{"id":884,"date":"2025-11-05T08:02:21","date_gmt":"2025-11-05T08:02:21","guid":{"rendered":"https:\/\/medicalsignal.org\/?page_id=884"},"modified":"2026-03-11T17:58:48","modified_gmt":"2026-03-11T17:58:48","slug":"bantningsplaster","status":"publish","type":"page","link":"https:\/\/medicalsignal.org\/sv\/bantningsplaster\/","title":{"rendered":"Bantningspl\u00e5ster i j\u00e4mf\u00f6relse \ud83d\udc4b Bye Bye Bukfett"},"content":{"rendered":"<div class=\"wp-block-image\">\n<figure class=\"aligncenter size-full\"><img loading=\"lazy\" decoding=\"async\" width=\"700\" height=\"527\" src=\"https:\/\/medicalsignal.org\/wp-content\/uploads\/2025\/11\/abnehmpflaster-vergleich.jpg\" alt=\"\" class=\"wp-image-574\" srcset=\"https:\/\/medicalsignal.org\/wp-content\/uploads\/2025\/11\/abnehmpflaster-vergleich.jpg 700w, https:\/\/medicalsignal.org\/wp-content\/uploads\/2025\/11\/abnehmpflaster-vergleich-300x226.jpg 300w\" sizes=\"auto, (max-width: 700px) 100vw, 700px\" \/><\/figure>\n<\/div>\n\n\n<p><\/p>\n\n\n\n<h3 class=\"wp-block-heading\">Den nya generationen bantningspl\u00e5ster \u2013 vilka fungerar verkligen?<\/h3>\n\n\n\n<p>Allt fler m\u00e4nniskor satsar vid viktminskning p\u00e5 moderna <strong>transdermala pl\u00e5ster<\/strong> som frig\u00f6r naturliga aktiva ingredienser direkt genom huden. Ist\u00e4llet f\u00f6r kapslar eller dietshakes utlovar de ett <strong>skonsamt men effektivt st\u00f6d<\/strong> f\u00f6r \u00e4mnesoms\u00e4ttningen \u2013 helt utan hunger, utan biverkningar och utan stort besv\u00e4r i vardagen.<\/p>\n\n\n\n<p>Men inte alla pl\u00e5ster h\u00e5ller vad de lovar. Vissa produkter \u00f6vertygar med <strong>h\u00f6gkoncentrerade aktiva ingredienser som berberin, capsaicin eller fucoxanthin<\/strong>, medan andra knappt visar m\u00e4rkbara effekter. V\u00e5rt redaktionsteam har granskat de mest popul\u00e4ra bantningspl\u00e5stren noggrant och utv\u00e4rderat dem i ett stort <strong>j\u00e4mf\u00f6relsetest<\/strong> \u2013 enligt kriterier som <strong>verkningsmekanism, ingredienser, tolerabilitet, anv\u00e4ndning och prisv\u00e4rdhet<\/strong>.<\/p>\n\n\n\n<div class=\"gb-element-43e84e32\">\n<div class=\"gb-element-9b5a0115\">\n<p class=\"gb-text gb-text-c5a95be4\">Testvinnare bantningspl\u00e5ster 2026<\/p>\n\n\n\n<div class=\"gb-element-3a2e73be\">\n<div class=\"gb-element-d2cd31ec\">\n<img loading=\"lazy\" decoding=\"async\" width=\"680\" height=\"680\" class=\"gb-media-83ae1343\" alt=\"\" src=\"https:\/\/medicalsignal.org\/wp-content\/uploads\/2025\/11\/purisaki-metabalance-patch.jpg\" title=\"purisaki metabalance patch\" srcset=\"https:\/\/medicalsignal.org\/wp-content\/uploads\/2025\/11\/purisaki-metabalance-patch.jpg 680w, https:\/\/medicalsignal.org\/wp-content\/uploads\/2025\/11\/purisaki-metabalance-patch-300x300.jpg 300w, https:\/\/medicalsignal.org\/wp-content\/uploads\/2025\/11\/purisaki-metabalance-patch-150x150.jpg 150w\" sizes=\"auto, (max-width: 680px) 100vw, 680px\" \/>\n<\/div>\n\n\n\n<div class=\"gb-element-f117a732\">\n<div class=\"gb-element-0bcef974\">\n<p class=\"gb-text gb-text-dc8bfe0b\">137 kr<\/p>\n\n\n\n<p class=\"gb-text gb-text-a3a3df2d old-price\">275 kr<\/p>\n<\/div>\n\n\n\n<p class=\"gb-text gb-text-44de6784\"><\/p>\n\n\n\n<p class=\"gb-text gb-text-62e02568\">9,8<\/p>\n\n\n\n<p class=\"gb-text gb-text-e0543fa1\"><strong>UTM\u00c4RKT<\/strong><\/p>\n\n\n\n<div>\n<p class=\"gb-text gb-text-80eb88e8\">\u2605<\/p>\n\n\n\n<p class=\"gb-text gb-text-75df17d1\">\u2605<\/p>\n\n\n\n<p class=\"gb-text gb-text-d46d2fa4\">\u2605<\/p>\n\n\n\n<p class=\"gb-text gb-text-4310529d\">\u2605<\/p>\n\n\n\n<p class=\"gb-text gb-text-5dd59d65\">\u2605<\/p>\n<\/div>\n\n\n\n<p class=\"gb-text gb-text-d789911d\"><strong>Omd\u00f6men (1276)<\/strong><\/p>\n<\/div>\n<\/div>\n\n\n\n<div class=\"gb-element-43e2b8b7\">\n<p class=\"gb-text gb-text-24a929a0\">F\u00f6rdelar<\/p>\n\n\n\n<li class=\"gb-text-6fde6059\"><span class=\"gb-shape\"><svg aria-hidden=\"true\" role=\"img\" height=\"1em\" width=\"1em\" viewBox=\"0 0 512 512\" xmlns=\"http:\/\/www.w3.org\/2000\/svg\"><path fill=\"currentColor\" d=\"M504 256c0 136.967-111.033 248-248 248S8 392.967 8 256 119.033 8 256 8s248 111.033 248 248zM227.314 387.314l184-184c6.248-6.248 6.248-16.379 0-22.627l-22.627-22.627c-6.248-6.249-16.379-6.249-22.628 0L216 308.118l-70.059-70.059c-6.248-6.248-16.379-6.248-22.628 0l-22.627 22.627c-6.248 6.248-6.248 16.379 0 22.627l104 104c6.249 6.249 16.379 6.249 22.628.001z\"><\/path><\/svg><\/span><span class=\"gb-text\">Testvinnaren <a href=\"https:\/\/secure.click-flux.com\/click\" rel=\"nofollow\"><strong>Purisaki Berberine Metabalance Patch<\/strong>.<\/a><\/span><\/li>\n\n\n\n<div class=\"gb-element-0836da2c\">\n<li class=\"gb-text-d00adce5\"><span class=\"gb-shape\"><svg aria-hidden=\"true\" role=\"img\" height=\"1em\" width=\"1em\" viewBox=\"0 0 512 512\" xmlns=\"http:\/\/www.w3.org\/2000\/svg\"><path fill=\"currentColor\" d=\"M504 256c0 136.967-111.033 248-248 248S8 392.967 8 256 119.033 8 256 8s248 111.033 248 248zM227.314 387.314l184-184c6.248-6.248 6.248-16.379 0-22.627l-22.627-22.627c-6.248-6.249-16.379-6.249-22.628 0L216 308.118l-70.059-70.059c-6.248-6.248-16.379-6.248-22.628 0l-22.627 22.627c-6.248 6.248-6.248 16.379 0 22.627l104 104c6.249 6.249 16.379 6.249 22.628.001z\"><\/path><\/svg><\/span><span class=\"gb-text\">Inneh\u00e5ller naturliga aktiva ingredienser som <strong>berberinextrakt<\/strong>, <strong>moringa<\/strong>, fucoxanthin, granat\u00e4ppleolja, gr\u00f6nt te-extrakt och vitaminer<\/span><\/li>\n\n\n\n<li class=\"gb-text-f162a8fd\"><span class=\"gb-shape\"><svg aria-hidden=\"true\" role=\"img\" height=\"1em\" width=\"1em\" viewBox=\"0 0 512 512\" xmlns=\"http:\/\/www.w3.org\/2000\/svg\"><path fill=\"currentColor\" d=\"M504 256c0 136.967-111.033 248-248 248S8 392.967 8 256 119.033 8 256 8s248 111.033 248 248zM227.314 387.314l184-184c6.248-6.248 6.248-16.379 0-22.627l-22.627-22.627c-6.248-6.249-16.379-6.249-22.628 0L216 308.118l-70.059-70.059c-6.248-6.248-16.379-6.248-22.628 0l-22.627 22.627c-6.248 6.248-6.248 16.379 0 22.627l104 104c6.249 6.249 16.379 6.249 22.628.001z\"><\/path><\/svg><\/span><span class=\"gb-text\">Luktfritt, diskret och enkelt att anv\u00e4nda i vardagen<\/span><\/li>\n\n\n\n<li class=\"gb-text-9ea3047d\"><span class=\"gb-shape\"><svg aria-hidden=\"true\" role=\"img\" height=\"1em\" width=\"1em\" viewBox=\"0 0 512 512\" xmlns=\"http:\/\/www.w3.org\/2000\/svg\"><path fill=\"currentColor\" d=\"M504 256c0 136.967-111.033 248-248 248S8 392.967 8 256 119.033 8 256 8s248 111.033 248 248zM227.314 387.314l184-184c6.248-6.248 6.248-16.379 0-22.627l-22.627-22.627c-6.248-6.249-16.379-6.249-22.628 0L216 308.118l-70.059-70.059c-6.248-6.248-16.379-6.248-22.628 0l-22.627 22.627c-6.248 6.248-6.248 16.379 0 22.627l104 104c6.249 6.249 16.379 6.249 22.628.001z\"><\/path><\/svg><\/span><span class=\"gb-text\">Studier visar att ingredienserna kan \u00f6ka fettmetabolismen och kalorif\u00f6rbr\u00e4nningen \u00e4ven i vila<\/span><\/li>\n\n\n\n<li class=\"gb-text-92859aa4\"><span class=\"gb-shape\"><svg aria-hidden=\"true\" role=\"img\" height=\"1em\" width=\"1em\" viewBox=\"0 0 512 512\" xmlns=\"http:\/\/www.w3.org\/2000\/svg\"><path fill=\"currentColor\" d=\"M504 256c0 136.967-111.033 248-248 248S8 392.967 8 256 119.033 8 256 8s248 111.033 248 248zM227.314 387.314l184-184c6.248-6.248 6.248-16.379 0-22.627l-22.627-22.627c-6.248-6.249-16.379-6.249-22.628 0L216 308.118l-70.059-70.059c-6.248-6.248-16.379-6.248-22.628 0l-22.627 22.627c-6.248 6.248-6.248 16.379 0 22.627l104 104c6.249 6.249 16.379 6.249 22.628.001z\"><\/path><\/svg><\/span><span class=\"gb-text\">Mycket enkel anv\u00e4ndning<\/span><\/li>\n\n\n\n<li class=\"gb-text-9253ae9a\"><span class=\"gb-shape\"><svg aria-hidden=\"true\" role=\"img\" height=\"1em\" width=\"1em\" viewBox=\"0 0 512 512\" xmlns=\"http:\/\/www.w3.org\/2000\/svg\"><path fill=\"currentColor\" d=\"M504 256c0 136.967-111.033 248-248 248S8 392.967 8 256 119.033 8 256 8s248 111.033 248 248zM227.314 387.314l184-184c6.248-6.248 6.248-16.379 0-22.627l-22.627-22.627c-6.248-6.249-16.379-6.249-22.628 0L216 308.118l-70.059-70.059c-6.248-6.248-16.379-6.248-22.628 0l-22.627 22.627c-6.248 6.248-6.248 16.379 0 22.627l104 104c6.249 6.249 16.379 6.249 22.628.001z\"><\/path><\/svg><\/span><span class=\"gb-text\"><strong>30 dagars pengarna-tillbaka-garanti<\/strong><\/span><\/li>\n\n\n\n<li class=\"gb-text-cb3b5351\"><span class=\"gb-shape\"><svg aria-hidden=\"true\" role=\"img\" height=\"1em\" width=\"1em\" viewBox=\"0 0 512 512\" xmlns=\"http:\/\/www.w3.org\/2000\/svg\"><path fill=\"currentColor\" d=\"M504 256c0 136.967-111.033 248-248 248S8 392.967 8 256 119.033 8 256 8s248 111.033 248 248zM227.314 387.314l184-184c6.248-6.248 6.248-16.379 0-22.627l-22.627-22.627c-6.248-6.249-16.379-6.249-22.628 0L216 308.118l-70.059-70.059c-6.248-6.248-16.379-6.248-22.628 0l-22.627 22.627c-6.248 6.248-6.248 16.379 0 22.627l104 104c6.249 6.249 16.379 6.249 22.628.001z\"><\/path><\/svg><\/span><span class=\"gb-text\">Mycket bra omd\u00f6men fr\u00e5n anv\u00e4ndare<\/span><\/li>\n\n\n\n<li class=\"gb-text-7d65240b\"><span class=\"gb-shape\"><svg aria-hidden=\"true\" role=\"img\" height=\"1em\" width=\"1em\" viewBox=\"0 0 512 512\" xmlns=\"http:\/\/www.w3.org\/2000\/svg\"><path fill=\"currentColor\" d=\"M504 256c0 136.967-111.033 248-248 248S8 392.967 8 256 119.033 8 256 8s248 111.033 248 248zM227.314 387.314l184-184c6.248-6.248 6.248-16.379 0-22.627l-22.627-22.627c-6.248-6.249-16.379-6.249-22.628 0L216 308.118l-70.059-70.059c-6.248-6.248-16.379-6.248-22.628 0l-22.627 22.627c-6.248 6.248-6.248 16.379 0 22.627l104 104c6.249 6.249 16.379 6.249 22.628.001z\"><\/path><\/svg><\/span><span class=\"gb-text\">Just nu <strong><a href=\"https:\/\/secure.click-flux.com\/click\" rel=\"nofollow\">tillg\u00e4ngligt med h\u00f6g rabatt (upp till 70 %)<\/a><\/strong><\/span><\/li>\n<\/div>\n\n\n\n<p class=\"gb-text gb-text-3cf11b2d\">Nackdelar<\/p>\n\n\n\n<div class=\"gb-element-7cd9ad69\">\n<li class=\"gb-text-fabc53dd\"><span class=\"gb-shape\"><svg aria-hidden=\"true\" role=\"img\" height=\"1em\" width=\"1em\" viewBox=\"0 0 512 512\" xmlns=\"http:\/\/www.w3.org\/2000\/svg\"><path fill=\"currentColor\" d=\"M256 8C119.034 8 8 119.033 8 256s111.034 248 248 248 248-111.034 248-248S392.967 8 256 8zm130.108 117.892c65.448 65.448 70 165.481 20.677 235.637L150.47 105.216c70.204-49.356 170.226-44.735 235.638 20.676zM125.892 386.108c-65.448-65.448-70-165.481-20.677-235.637L361.53 406.784c-70.203 49.356-170.226 44.736-235.638-20.676z\"><\/path><\/svg><\/span><span class=\"gb-text\">Ofta sluts\u00e5lt (begr\u00e4nsat lager)<\/span><\/li>\n<\/div>\n\n\n\n<a class=\"gb-text gb-text-711615ee\" href=\"https:\/\/secure.click-flux.com\/click\"> Till den officiella webbshoppen  &gt;&gt;<\/a>\n\n\n\n<a class=\"gb-text gb-text-7c528aac\" href=\"https:\/\/secure.click-flux.com\/click\">Tillg\u00e4ngligt under begr\u00e4nsad tid: 70 % RABATT<\/a>\n<\/div>\n<\/div>\n\n\n\n<div class=\"gb-element-297e27ba\">\n<div class=\"gb-element-9a4c8d2e\">\n<div class=\"gb-element-c1656fd2\">\n<div class=\"gb-element-ac09f949\">\n<p class=\"gb-text gb-text-51102e58\">2:a plats<\/p>\n<\/div>\n\n\n\n<figure class=\"wp-block-image size-full\"><img loading=\"lazy\" decoding=\"async\" width=\"500\" height=\"495\" src=\"https:\/\/medicalsignal.org\/wp-content\/uploads\/2025\/11\/ozempatch.jpg\" alt=\"ozempatch\" class=\"wp-image-561\" srcset=\"https:\/\/medicalsignal.org\/wp-content\/uploads\/2025\/11\/ozempatch.jpg 500w, https:\/\/medicalsignal.org\/wp-content\/uploads\/2025\/11\/ozempatch-300x297.jpg 300w, https:\/\/medicalsignal.org\/wp-content\/uploads\/2025\/11\/ozempatch-150x150.jpg 150w\" sizes=\"auto, (max-width: 500px) 100vw, 500px\" \/><\/figure>\n<\/div>\n\n\n\n<div class=\"gb-element-9b69720e\">\n<div class=\"gb-element-e96d23be\">\n<p class=\"gb-text gb-text-86b3ecb5\">265 kr<\/p>\n<\/div>\n\n\n\n<p class=\"gb-text gb-text-ee094079\"><\/p>\n\n\n\n<p class=\"gb-text gb-text-f9698d18\">8,7<\/p>\n\n\n\n<p class=\"gb-text gb-text-ea0c1f2c\"><strong><strong>BRA<\/strong><\/strong><\/p>\n\n\n\n<div>\n<p class=\"gb-text gb-text-f4444d28\">\u2605<\/p>\n\n\n\n<p class=\"gb-text gb-text-4b95362a\">\u2605<\/p>\n\n\n\n<p class=\"gb-text gb-text-cdc5f2f4\">\u2605<\/p>\n\n\n\n<p class=\"gb-text gb-text-eca8f18f\">\u2605<\/p>\n\n\n\n<p class=\"gb-text gb-text-32392953\"><\/p>\n<\/div>\n\n\n\n<p class=\"gb-text gb-text-0bac8c52\"><strong>Omd\u00f6men (763)<\/strong><\/p>\n<\/div>\n<\/div>\n\n\n\n<div class=\"gb-element-d84a8d0d\">\n<p class=\"gb-text gb-text-d76faac1\">F\u00f6rdelar<\/p>\n\n\n\n<div class=\"gb-element-1fba4c10\">\n<li class=\"gb-text-3a0a7698\"><span class=\"gb-shape\"><svg aria-hidden=\"true\" role=\"img\" height=\"1em\" width=\"1em\" viewBox=\"0 0 512 512\" xmlns=\"http:\/\/www.w3.org\/2000\/svg\"><path fill=\"currentColor\" d=\"M504 256c0 136.967-111.033 248-248 248S8 392.967 8 256 119.033 8 256 8s248 111.033 248 248zM227.314 387.314l184-184c6.248-6.248 6.248-16.379 0-22.627l-22.627-22.627c-6.248-6.249-16.379-6.249-22.628 0L216 308.118l-70.059-70.059c-6.248-6.248-16.379-6.248-22.628 0l-22.627 22.627c-6.248 6.248-6.248 16.379 0 22.627l104 104c6.249 6.249 16.379 6.249 22.628.001z\"><\/path><\/svg><\/span><span class=\"gb-text\">Med ingef\u00e4rsolja, capsaicin, kanel och mal\u00f6rt<\/span><\/li>\n\n\n\n<li class=\"gb-text-bd0ead69\"><span class=\"gb-shape\"><svg aria-hidden=\"true\" role=\"img\" height=\"1em\" width=\"1em\" viewBox=\"0 0 512 512\" xmlns=\"http:\/\/www.w3.org\/2000\/svg\"><path fill=\"currentColor\" d=\"M504 256c0 136.967-111.033 248-248 248S8 392.967 8 256 119.033 8 256 8s248 111.033 248 248zM227.314 387.314l184-184c6.248-6.248 6.248-16.379 0-22.627l-22.627-22.627c-6.248-6.249-16.379-6.249-22.628 0L216 308.118l-70.059-70.059c-6.248-6.248-16.379-6.248-22.628 0l-22.627 22.627c-6.248 6.248-6.248 16.379 0 22.627l104 104c6.249 6.249 16.379 6.249 22.628.001z\"><\/path><\/svg><\/span><span class=\"gb-text\">Bra omd\u00f6men fr\u00e5n anv\u00e4ndare<\/span><\/li>\n<\/div>\n\n\n\n<p class=\"gb-text gb-text-1788c822\">Nackdelar<\/p>\n\n\n\n<div class=\"gb-element-f5bc627d\">\n<li class=\"gb-text-d70b950b\"><span class=\"gb-shape\"><svg aria-hidden=\"true\" role=\"img\" height=\"1em\" width=\"1em\" viewBox=\"0 0 512 512\" xmlns=\"http:\/\/www.w3.org\/2000\/svg\"><path fill=\"currentColor\" d=\"M256 8C119.034 8 8 119.033 8 256s111.034 248 248 248 248-111.034 248-248S392.967 8 256 8zm130.108 117.892c65.448 65.448 70 165.481 20.677 235.637L150.47 105.216c70.204-49.356 170.226-44.735 235.638 20.676zM125.892 386.108c-65.448-65.448-70-165.481-20.677-235.637L361.53 406.784c-70.203 49.356-170.226 44.736-235.638-20.676z\"><\/path><\/svg><\/span><span class=\"gb-text\">Sitter inte riktigt lika bra p\u00e5 huden<\/span><\/li>\n<\/div>\n\n\n\n<a class=\"gb-text gb-text-9f82e7c3\" href=\"https:\/\/fortunena.com\/?a=667&#038;c=7792&#038;s1=ar-ga\" rel=\"nofollow noopener\" target=\"_blank\">Bes\u00f6k webbplatsen &gt;&gt;<\/a>\n<\/div>\n<\/div>\n\n\n\n<div class=\"gb-element-edc8c96a\">\n<div class=\"gb-element-836e9aa6\">\n<div class=\"gb-element-844ca501\">\n<div class=\"gb-element-450592ff\">\n<p class=\"gb-text gb-text-afa746f9\">3:e plats<\/p>\n<\/div>\n\n\n\n<figure class=\"wp-block-image size-full\"><img loading=\"lazy\" decoding=\"async\" width=\"500\" height=\"500\" src=\"https:\/\/medicalsignal.org\/wp-content\/uploads\/2025\/11\/weight-world-slim-patch.jpg\" alt=\"\" class=\"wp-image-570\" srcset=\"https:\/\/medicalsignal.org\/wp-content\/uploads\/2025\/11\/weight-world-slim-patch.jpg 500w, https:\/\/medicalsignal.org\/wp-content\/uploads\/2025\/11\/weight-world-slim-patch-300x300.jpg 300w, https:\/\/medicalsignal.org\/wp-content\/uploads\/2025\/11\/weight-world-slim-patch-150x150.jpg 150w\" sizes=\"auto, (max-width: 500px) 100vw, 500px\" \/><\/figure>\n<\/div>\n\n\n\n<div class=\"gb-element-5b43763f\">\n<div class=\"gb-element-1d39a8c3\">\n<p class=\"gb-text gb-text-f5055f8e\">160 kr<\/p>\n<\/div>\n\n\n\n<p class=\"gb-text gb-text-e3148201\"><\/p>\n\n\n\n<p class=\"gb-text gb-text-c9a03c1c\">7,8<\/p>\n\n\n\n<p class=\"gb-text gb-text-f3c08530\"><strong><strong>BRA<\/strong><\/strong><\/p>\n\n\n\n<div>\n<p class=\"gb-text gb-text-8f0b9968\">\u2605<\/p>\n\n\n\n<p class=\"gb-text gb-text-8f0c2943\">\u2605<\/p>\n\n\n\n<p class=\"gb-text gb-text-def509d9\">\u2605<\/p>\n\n\n\n<p class=\"gb-text gb-text-0ae702bb\">\u2605<\/p>\n\n\n\n<p class=\"gb-text gb-text-4734cdb8\"><\/p>\n<\/div>\n\n\n\n<p class=\"gb-text gb-text-4dcc503e\"><strong>Omd\u00f6men (611)<\/strong><\/p>\n<\/div>\n<\/div>\n\n\n\n<div class=\"gb-element-bd25bbca\">\n<p class=\"gb-text gb-text-fb8e3768\">F\u00f6rdelar<\/p>\n\n\n\n<div class=\"gb-element-eb3499b5\">\n<li class=\"gb-text-40649543\"><span class=\"gb-shape\"><svg aria-hidden=\"true\" role=\"img\" height=\"1em\" width=\"1em\" viewBox=\"0 0 512 512\" xmlns=\"http:\/\/www.w3.org\/2000\/svg\"><path fill=\"currentColor\" d=\"M504 256c0 136.967-111.033 248-248 248S8 392.967 8 256 119.033 8 256 8s248 111.033 248 248zM227.314 387.314l184-184c6.248-6.248 6.248-16.379 0-22.627l-22.627-22.627c-6.248-6.249-16.379-6.249-22.628 0L216 308.118l-70.059-70.059c-6.248-6.248-16.379-6.248-22.628 0l-22.627 22.627c-6.248 6.248-6.248 16.379 0 22.627l104 104c6.249 6.249 16.379 6.249 22.628.001z\"><\/path><\/svg><\/span><span class=\"gb-text\">Med guarana, 5-HTP och bl\u00e5st\u00e5ng<\/span><\/li>\n<\/div>\n\n\n\n<p class=\"gb-text gb-text-447f2eac\">Nackdelar<\/p>\n\n\n\n<div class=\"gb-element-229f0738\">\n<li class=\"gb-text-f3dcd5b7\"><span class=\"gb-shape\"><svg aria-hidden=\"true\" role=\"img\" height=\"1em\" width=\"1em\" viewBox=\"0 0 512 512\" xmlns=\"http:\/\/www.w3.org\/2000\/svg\"><path fill=\"currentColor\" d=\"M256 8C119.034 8 8 119.033 8 256s111.034 248 248 248 248-111.034 248-248S392.967 8 256 8zm130.108 117.892c65.448 65.448 70 165.481 20.677 235.637L150.47 105.216c70.204-49.356 170.226-44.735 235.638 20.676zM125.892 386.108c-65.448-65.448-70-165.481-20.677-235.637L361.53 406.784c-70.203 49.356-170.226 44.736-235.638-20.676z\"><\/path><\/svg><\/span><span class=\"gb-text\">Blandade omd\u00f6men fr\u00e5n anv\u00e4ndare<\/span><\/li>\n<\/div>\n\n\n\n<a class=\"gb-text gb-text-5e7bdc8b\" href=\"https:\/\/tracking.comfortclick.eu\/SH3y6\" rel=\"nofollow noopener\" target=\"_blank\">Bes\u00f6k webbplatsen &gt;&gt;<\/a>\n<\/div>\n<\/div>\n<\/div>\n\n\n\n<p><\/p>\n\n\n\n<h2 class=\"wp-block-heading\">Varf\u00f6r Purisaki Berberine Patches fick b\u00e4st resultat i v\u00e5r j\u00e4mf\u00f6relse<\/h2>\n\n\n<div class=\"wp-block-image\">\n<figure class=\"aligncenter size-full\"><a href=\"https:\/\/secure.click-flux.com\/click\" rel=\"nofollow\"><img loading=\"lazy\" decoding=\"async\" width=\"800\" height=\"232\" src=\"https:\/\/medicalsignal.org\/wp-content\/uploads\/2025\/11\/purisaki-erfahrungen.jpg\" alt=\"\" class=\"wp-image-566\" srcset=\"https:\/\/medicalsignal.org\/wp-content\/uploads\/2025\/11\/purisaki-erfahrungen.jpg 800w, https:\/\/medicalsignal.org\/wp-content\/uploads\/2025\/11\/purisaki-erfahrungen-300x87.jpg 300w, https:\/\/medicalsignal.org\/wp-content\/uploads\/2025\/11\/purisaki-erfahrungen-768x223.jpg 768w\" sizes=\"auto, (max-width: 800px) 100vw, 800px\" \/><\/a><figcaption class=\"wp-element-caption\">N\u00f6jda anv\u00e4ndare av Purisaki Metabalance Berberine Patches<\/figcaption><\/figure>\n<\/div>\n\n\n<p>I den aktuella j\u00e4mf\u00f6relsen av olika bantningspl\u00e5ster kunde <strong>Purisaki Berberine<\/strong> \u00f6vertyga i flera bed\u00f6mningskategorier. Produkten bygger p\u00e5 ett modernt <strong>transdermalt pl\u00e5stersystem<\/strong> d\u00e4r utvalda v\u00e4xtbaserade ingredienser absorberas genom huden. Denna typ av anv\u00e4ndning anses vara praktisk, skonsam och enkel att integrera i vardagen.<\/p>\n\n\n\n<p>I centrum av formuleringen st\u00e5r den naturliga v\u00e4xtsubstansen <strong>berberin<\/strong>, som l\u00e4nge har studerats inom vetenskapen som ett intressant element f\u00f6r \u00e4mnesoms\u00e4ttningen. I kombination med ytterligare best\u00e5ndsdelar som <strong>fucoxanthin<\/strong>, <strong>gr\u00f6nt te-extrakt<\/strong> och <strong>granat\u00e4ppleolja<\/strong> skapas en harmoniskt sammansatt receptur som enligt tillverkaren syftar till att <strong>st\u00f6dja det allm\u00e4nna v\u00e4lbefinnandet och kostrutin<\/strong>.<\/p>\n\n\n<div class=\"wp-block-image\">\n<figure class=\"aligncenter size-full\"><a href=\"https:\/\/secure.click-flux.com\/click\" rel=\"nofollow\"><img loading=\"lazy\" decoding=\"async\" width=\"600\" height=\"667\" src=\"https:\/\/medicalsignal.org\/wp-content\/uploads\/2025\/11\/purisaki-wirkung.jpg\" alt=\"\" class=\"wp-image-576\" srcset=\"https:\/\/medicalsignal.org\/wp-content\/uploads\/2025\/11\/purisaki-wirkung.jpg 600w, https:\/\/medicalsignal.org\/wp-content\/uploads\/2025\/11\/purisaki-wirkung-270x300.jpg 270w\" sizes=\"auto, (max-width: 600px) 100vw, 600px\" \/><\/a><\/figure>\n<\/div>\n\n\n<p><\/p>\n\n\n\n<p>I v\u00e5r redaktionella j\u00e4mf\u00f6relse fick Purisaki d\u00e4rf\u00f6r ett s\u00e4rskilt positivt resultat \u2013 framf\u00f6r allt inom omr\u00e5dena <strong>tolerabilitet<\/strong>, <strong>kvalitet p\u00e5 ingredienserna<\/strong> och <strong>anv\u00e4ndarv\u00e4nlighet<\/strong>. Anv\u00e4ndare rapporterar dessutom om en <strong>behaglig k\u00e4nsla p\u00e5 huden<\/strong> och en <strong>enkel, diskret anv\u00e4ndning<\/strong> i vardagen.<\/p>\n\n\n\n<p><strong>Purisaki Berberines styrkor i \u00f6versikt:<\/strong><\/p>\n\n\n\n<ul class=\"wp-block-list\">\n<li>\ud83c\udf3f V\u00e4xtbaserad formulering med h\u00f6gkvalitativa extrakt<\/li>\n\n\n\n<li>\ud83d\udc8a Praktisk pl\u00e5sterform \u2013 inga kapslar att sv\u00e4lja<\/li>\n\n\n\n<li>\u23f1 J\u00e4mn fris\u00e4ttning av aktiva ingredienser under m\u00e5nga timmar<\/li>\n\n\n\n<li>\ud83e\uddf4 Hudv\u00e4nligt, diskret och behagligt att b\u00e4ra<\/li>\n\n\n\n<li>\u2696\ufe0f Kan anv\u00e4ndas som st\u00f6d inom ramen f\u00f6r en balanserad livsstil<\/li>\n<\/ul>\n\n\n\n<p>D\u00e4rmed \u00f6vertygar Purisaki Berberine som ett <strong>modernt alternativ<\/strong> f\u00f6r alla som vill komplettera sin kost och sitt v\u00e4lbefinnande med ett modernt, hudv\u00e4nligt pl\u00e5stersystem.<\/p>\n\n\n<div class=\"gb-container gb-container-123abc wp-block-generateblocks-container sticky-cpa-bar gb-container gb-container-123abc\"><div class=\"gb-inside-container\">\n<div class=\"gb-grid-wrapper gb-grid-wrapper-grid123abc\">\n<div class=\"wp-block-generateblocks-grid gb-grid-wrapper gb-grid-columns-3 gb-grid-123abc\" style=\"gap:20px\">\n      <div class=\"gb-grid-column gb-grid-column-123abc1\">\n        \n\n<figure class=\"wp-block-image size-full is-resized\">\n          <img loading=\"lazy\" decoding=\"async\" src=\"https:\/\/medicalsignal.org\/wp-content\/uploads\/2025\/11\/purisaki-metabalance-patch.jpg\" alt=\"\" width=\"60\" height=\"60\" \/>\n        <\/figure>\n\n      <\/div>\n      <div class=\"gb-grid-column gb-grid-column-123abc2\">\n        \n\n<p class=\"has-medium-font-size\">-70 % rabatt p\u00e5 testvinnaren<\/p>\n\n      <\/div>\n      <div class=\"gb-grid-column gb-grid-column-123abc3\">\n        \n\n<div class=\"wp-block-generateblocks-button gb-button-wrapper gb-button-wrapper-btn123abc\">\n          <a class=\"gb-button gb-button-btn123abc\" href=\"https:\/\/secure.click-flux.com\/click\" target=\"_blank\" rel=\"nofollow\">Se erbjudandet nu<\/a>\n        <\/div>\n\n      <\/div>\n    <\/div>\n<\/div>\n<\/div><\/div>","protected":false},"excerpt":{"rendered":"<p>Den nya generationen bantningspl\u00e5ster \u2013 vilka fungerar verkligen? Allt fler m\u00e4nniskor satsar vid viktminskning p\u00e5 moderna transdermala pl\u00e5ster som frig\u00f6r naturliga aktiva ingredienser direkt genom huden. Ist\u00e4llet f\u00f6r kapslar eller dietshakes utlovar de ett skonsamt men effektivt st\u00f6d f\u00f6r \u00e4mnesoms\u00e4ttningen \u2013 helt utan hunger, utan biverkningar och utan stort besv\u00e4r i vardagen. Men inte alla &#8230; <a title=\"Bantningspl\u00e5ster i j\u00e4mf\u00f6relse \ud83d\udc4b Bye Bye Bukfett\" class=\"read-more\" href=\"https:\/\/medicalsignal.org\/sv\/bantningsplaster\/\" aria-label=\"L\u00e4s mer om Bantningspl\u00e5ster i j\u00e4mf\u00f6relse \ud83d\udc4b Bye Bye Bukfett\">L\u00e4s mer<\/a><\/p>\n","protected":false},"author":1,"featured_media":0,"parent":0,"menu_order":0,"comment_status":"closed","ping_status":"closed","template":"","meta":{"footnotes":""},"class_list":["post-884","page","type-page","status-publish"],"_links":{"self":[{"href":"https:\/\/medicalsignal.org\/sv\/wp-json\/wp\/v2\/pages\/884","targetHints":{"allow":["GET"]}}],"collection":[{"href":"https:\/\/medicalsignal.org\/sv\/wp-json\/wp\/v2\/pages"}],"about":[{"href":"https:\/\/medicalsignal.org\/sv\/wp-json\/wp\/v2\/types\/page"}],"author":[{"embeddable":true,"href":"https:\/\/medicalsignal.org\/sv\/wp-json\/wp\/v2\/users\/1"}],"replies":[{"embeddable":true,"href":"https:\/\/medicalsignal.org\/sv\/wp-json\/wp\/v2\/comments?post=884"}],"version-history":[{"count":7,"href":"https:\/\/medicalsignal.org\/sv\/wp-json\/wp\/v2\/pages\/884\/revisions"}],"predecessor-version":[{"id":903,"href":"https:\/\/medicalsignal.org\/sv\/wp-json\/wp\/v2\/pages\/884\/revisions\/903"}],"wp:attachment":[{"href":"https:\/\/medicalsignal.org\/sv\/wp-json\/wp\/v2\/media?parent=884"}],"curies":[{"name":"wp","href":"https:\/\/api.w.org\/{rel}","templated":true}]}}